{"id":3566,"date":"2021-08-01T21:43:47","date_gmt":"2021-08-01T19:43:47","guid":{"rendered":"https:\/\/test.dcg-online.de\/?page_id=3566"},"modified":"2021-09-08T15:24:04","modified_gmt":"2021-09-08T13:24:04","slug":"cichliden-von-a-z-suedamerika-gattung-australoheros-rican-kullander-2006","status":"publish","type":"page","link":"https:\/\/test.dcg-online.de\/index.php\/cichliden-von-a-z-suedamerika-gattung-australoheros-rican-kullander-2006\/","title":{"rendered":"Cichliden von A-Z | S\u00fcdamerika | Gattung Australoheros \u0158I\u0106AN &#038; KULLANDER, 2006"},"content":{"rendered":"","protected":false},"excerpt":{"rendered":"","protected":false},"author":1,"featured_media":0,"parent":0,"menu_order":0,"comment_status":"closed","ping_status":"closed","template":"","meta":{"footnotes":""},"class_list":["post-3566","page","type-page","status-publish","hentry"],"_links":{"self":[{"href":"https:\/\/test.dcg-online.de\/index.php\/wp-json\/wp\/v2\/pages\/3566","targetHints":{"allow":["GET"]}}],"collection":[{"href":"https:\/\/test.dcg-online.de\/index.php\/wp-json\/wp\/v2\/pages"}],"about":[{"href":"https:\/\/test.dcg-online.de\/index.php\/wp-json\/wp\/v2\/types\/page"}],"author":[{"embeddable":true,"href":"https:\/\/test.dcg-online.de\/index.php\/wp-json\/wp\/v2\/users\/1"}],"replies":[{"embeddable":true,"href":"https:\/\/test.dcg-online.de\/index.php\/wp-json\/wp\/v2\/comments?post=3566"}],"version-history":[{"count":1,"href":"https:\/\/test.dcg-online.de\/index.php\/wp-json\/wp\/v2\/pages\/3566\/revisions"}],"predecessor-version":[{"id":3567,"href":"https:\/\/test.dcg-online.de\/index.php\/wp-json\/wp\/v2\/pages\/3566\/revisions\/3567"}],"wp:attachment":[{"href":"https:\/\/test.dcg-online.de\/index.php\/wp-json\/wp\/v2\/media?parent=3566"}],"curies":[{"name":"wp","href":"https:\/\/api.w.org\/{rel}","templated":true}]}}