{"id":3990,"date":"2021-08-03T22:07:26","date_gmt":"2021-08-03T20:07:26","guid":{"rendered":"https:\/\/test.dcg-online.de\/?page_id=3990"},"modified":"2021-08-14T17:50:26","modified_gmt":"2021-08-14T15:50:26","slug":"cichliden-von-a-z-nordamerika-gattung-chortiheros-rican-dragova-2016","status":"publish","type":"page","link":"https:\/\/test.dcg-online.de\/index.php\/cichliden-von-a-z-nordamerika-gattung-chortiheros-rican-dragova-2016\/","title":{"rendered":"Cichliden von A-Z | Mittel- &#038; Nordamerika | Gattung Chortiheros \u0158I\u0106AN &#038; DRAGOV\u00c1, 2016"},"content":{"rendered":"","protected":false},"excerpt":{"rendered":"","protected":false},"author":1,"featured_media":0,"parent":0,"menu_order":0,"comment_status":"closed","ping_status":"closed","template":"","meta":{"footnotes":""},"class_list":["post-3990","page","type-page","status-publish","hentry"],"_links":{"self":[{"href":"https:\/\/test.dcg-online.de\/index.php\/wp-json\/wp\/v2\/pages\/3990","targetHints":{"allow":["GET"]}}],"collection":[{"href":"https:\/\/test.dcg-online.de\/index.php\/wp-json\/wp\/v2\/pages"}],"about":[{"href":"https:\/\/test.dcg-online.de\/index.php\/wp-json\/wp\/v2\/types\/page"}],"author":[{"embeddable":true,"href":"https:\/\/test.dcg-online.de\/index.php\/wp-json\/wp\/v2\/users\/1"}],"replies":[{"embeddable":true,"href":"https:\/\/test.dcg-online.de\/index.php\/wp-json\/wp\/v2\/comments?post=3990"}],"version-history":[{"count":2,"href":"https:\/\/test.dcg-online.de\/index.php\/wp-json\/wp\/v2\/pages\/3990\/revisions"}],"predecessor-version":[{"id":4053,"href":"https:\/\/test.dcg-online.de\/index.php\/wp-json\/wp\/v2\/pages\/3990\/revisions\/4053"}],"wp:attachment":[{"href":"https:\/\/test.dcg-online.de\/index.php\/wp-json\/wp\/v2\/media?parent=3990"}],"curies":[{"name":"wp","href":"https:\/\/api.w.org\/{rel}","templated":true}]}}